{"id":4017,"date":"2020-09-16T18:39:43","date_gmt":"2020-09-16T16:39:43","guid":{"rendered":"https:\/\/nuevaweb.andresmerida.com\/politica-de-privacidad\/"},"modified":"2024-11-14T09:37:15","modified_gmt":"2024-11-14T08:37:15","slug":"privacy-policy","status":"publish","type":"page","link":"https:\/\/andresmerida.com\/en\/privacy-policy\/","title":{"rendered":"Privacy Policy"},"content":{"rendered":"<p><strong>PRIVACY POLICY<\/strong><\/p>\n<p>In compliance with the provisions of Article 13 of Regulation (EU) 2016\/679 of the European Parliament and of the Council, of April 27, 2016, regarding the protection of natural persons with regard to the processing of personal data and the free circulation of these data (RGPD) and article 5 of the Organic Law 15\/99, of December 13, of Protection of Personal Data (LOPD) we provide the information related to the processing of your personal data according to the form of our Web through which you send them to us: By clicking on each title we would open the content of each of them, which we expose below:<\/p>\n<p><strong>INFORMATION PROTECTION OF DATA FORM CONTACT \/ MAILS OF INTEREST<\/strong><\/p>\n<p><strong>Responsible for the processing of your personal data.<\/strong><\/p>\n<p>ANDR\u00c9S M\u00c9RIDA, M\u00c1LAGA and email correo@andresmerida.com.<\/p>\n<p><strong>Purpose of the processing of personal data<\/strong><\/p>\n<p>We will treat your personal data that you send us through the contact form or by sending email to the addresses that appear on this website in order to answer your questions, maintain communication with you and to send you by any means, including means electronic, information on products and own services and news of the sector.<\/p>\n<p><strong>Period of conservation of personal data<\/strong><\/p>\n<p>We will keep your information until you ask for its deletion or withdraw your consent for treatment. In this case, they will be duly blocked for a maximum of three years until the responsibilities arising from the processing of their personal data are prescribed.<\/p>\n<p><strong>Legitimation for the processing of personal data<\/strong><\/p>\n<p>The legitimacy of the processing of your data is based on the consent you give us, by completing and sending the form or email and \/ or by accepting the delivery of promotional information of our company.<\/p>\n<p><strong>Consequences of not providing the data<\/strong><\/p>\n<p>It is not mandatory to provide the requested information, but if you do not provide it, we will not be able to respond to your request.<\/p>\n<p><strong>Transfers \/ communications of personal data<\/strong><\/p>\n<p>Your data will not be disclosed to third parties, except in cases where it is legally provided. No international data transfers are foreseen.<\/p>\n<p><strong>Rights in relation to your personal data<\/strong><\/p>\n<p>You can exercise the rights of access, rectification, deletion, limitation and opposition at the email address correo@andresmerida.com, and in either case together with a copy of the document proving your identity.<\/p>\n<p>When the treatment is legitimized in the consent and is carried out by automated means, it will have the right to the portability of its data, that is, to be delivered in a structured, commonly used and mechanized reading format, even to be sent to a new person in charge.<\/p>\n<p><strong>Right of claim to the supervisory authority<\/strong><\/p>\n<p>You can file a complaint with the competent Data Protection Control Authority, especially when you have not obtained satisfaction in the exercise of your rights, by writing to the Spanish Agency for Data Protection, C \/ Jorge Juan n\u00ba 6, 28001 Madrid or by accessing its electronic headquarters through the web www.agpd.es.<\/p>\n","protected":false},"excerpt":{"rendered":"<p>PRIVACY POLICY In compliance with the provisions of Article 13 of Regulation (EU) 2016\/679 of the European Parliament and of the Council, of April 27, 2016, regarding the protection of natural persons with regard to the processing of personal data and the free circulation of these data (RGPD) and article 5 of the Organic Law [&hellip;]<\/p>\n","protected":false},"author":2,"featured_media":0,"parent":0,"menu_order":0,"comment_status":"closed","ping_status":"closed","template":"","meta":{"_acf_changed":false,"footnotes":""},"class_list":["post-4017","page","type-page","status-publish","hentry"],"acf":[],"yoast_head":"<!-- This site is optimized with the Yoast SEO plugin v27.6 - https:\/\/yoast.com\/product\/yoast-seo-wordpress\/ -->\n<title>Privacy Policy - Andr\u00e9s Merida, Pintor<\/title>\n<meta name=\"robots\" content=\"noindex, follow\" \/>\n<meta property=\"og:locale\" content=\"en_US\" \/>\n<meta property=\"og:type\" content=\"article\" \/>\n<meta property=\"og:title\" content=\"Privacy Policy - Andr\u00e9s Merida, Pintor\" \/>\n<meta property=\"og:description\" content=\"PRIVACY POLICY In compliance with the provisions of Article 13 of Regulation (EU) 2016\/679 of the European Parliament and of the Council, of April 27, 2016, regarding the protection of natural persons with regard to the processing of personal data and the free circulation of these data (RGPD) and article 5 of the Organic Law [&hellip;]\" \/>\n<meta property=\"og:url\" content=\"https:\/\/andresmerida.com\/en\/privacy-policy\/\" \/>\n<meta property=\"og:site_name\" content=\"Andr\u00e9s Merida, Pintor\" \/>\n<meta property=\"article:modified_time\" content=\"2024-11-14T08:37:15+00:00\" \/>\n<meta name=\"twitter:card\" content=\"summary_large_image\" \/>\n<meta name=\"twitter:label1\" content=\"Est. reading time\" \/>\n\t<meta name=\"twitter:data1\" content=\"3 minutes\" \/>\n<script type=\"application\/ld+json\" class=\"yoast-schema-graph\">{\"@context\":\"https:\\\/\\\/schema.org\",\"@graph\":[{\"@type\":\"WebPage\",\"@id\":\"https:\\\/\\\/andresmerida.com\\\/en\\\/privacy-policy\\\/\",\"url\":\"https:\\\/\\\/andresmerida.com\\\/en\\\/privacy-policy\\\/\",\"name\":\"Privacy Policy - Andr\u00e9s Merida, Pintor\",\"isPartOf\":{\"@id\":\"https:\\\/\\\/andresmerida.com\\\/en\\\/#website\"},\"datePublished\":\"2020-09-16T16:39:43+00:00\",\"dateModified\":\"2024-11-14T08:37:15+00:00\",\"breadcrumb\":{\"@id\":\"https:\\\/\\\/andresmerida.com\\\/en\\\/privacy-policy\\\/#breadcrumb\"},\"inLanguage\":\"en-US\",\"potentialAction\":[{\"@type\":\"ReadAction\",\"target\":[\"https:\\\/\\\/andresmerida.com\\\/en\\\/privacy-policy\\\/\"]}]},{\"@type\":\"BreadcrumbList\",\"@id\":\"https:\\\/\\\/andresmerida.com\\\/en\\\/privacy-policy\\\/#breadcrumb\",\"itemListElement\":[{\"@type\":\"ListItem\",\"position\":1,\"name\":\"Portada\",\"item\":\"https:\\\/\\\/andresmerida.com\\\/en\\\/\"},{\"@type\":\"ListItem\",\"position\":2,\"name\":\"Privacy Policy\"}]},{\"@type\":\"WebSite\",\"@id\":\"https:\\\/\\\/andresmerida.com\\\/en\\\/#website\",\"url\":\"https:\\\/\\\/andresmerida.com\\\/en\\\/\",\"name\":\"Andr\u00e9s Merida, Pintor\",\"description\":\"Artista pl\u00e1stico afincado en M\u00e1laga\",\"potentialAction\":[{\"@type\":\"SearchAction\",\"target\":{\"@type\":\"EntryPoint\",\"urlTemplate\":\"https:\\\/\\\/andresmerida.com\\\/en\\\/?s={search_term_string}\"},\"query-input\":{\"@type\":\"PropertyValueSpecification\",\"valueRequired\":true,\"valueName\":\"search_term_string\"}}],\"inLanguage\":\"en-US\"}]}<\/script>\n<!-- \/ Yoast SEO plugin. -->","yoast_head_json":{"title":"Privacy Policy - Andr\u00e9s Merida, Pintor","robots":{"index":"noindex","follow":"follow"},"og_locale":"en_US","og_type":"article","og_title":"Privacy Policy - Andr\u00e9s Merida, Pintor","og_description":"PRIVACY POLICY In compliance with the provisions of Article 13 of Regulation (EU) 2016\/679 of the European Parliament and of the Council, of April 27, 2016, regarding the protection of natural persons with regard to the processing of personal data and the free circulation of these data (RGPD) and article 5 of the Organic Law [&hellip;]","og_url":"https:\/\/andresmerida.com\/en\/privacy-policy\/","og_site_name":"Andr\u00e9s Merida, Pintor","article_modified_time":"2024-11-14T08:37:15+00:00","twitter_card":"summary_large_image","twitter_misc":{"Est. reading time":"3 minutes"},"schema":{"@context":"https:\/\/schema.org","@graph":[{"@type":"WebPage","@id":"https:\/\/andresmerida.com\/en\/privacy-policy\/","url":"https:\/\/andresmerida.com\/en\/privacy-policy\/","name":"Privacy Policy - Andr\u00e9s Merida, Pintor","isPartOf":{"@id":"https:\/\/andresmerida.com\/en\/#website"},"datePublished":"2020-09-16T16:39:43+00:00","dateModified":"2024-11-14T08:37:15+00:00","breadcrumb":{"@id":"https:\/\/andresmerida.com\/en\/privacy-policy\/#breadcrumb"},"inLanguage":"en-US","potentialAction":[{"@type":"ReadAction","target":["https:\/\/andresmerida.com\/en\/privacy-policy\/"]}]},{"@type":"BreadcrumbList","@id":"https:\/\/andresmerida.com\/en\/privacy-policy\/#breadcrumb","itemListElement":[{"@type":"ListItem","position":1,"name":"Portada","item":"https:\/\/andresmerida.com\/en\/"},{"@type":"ListItem","position":2,"name":"Privacy Policy"}]},{"@type":"WebSite","@id":"https:\/\/andresmerida.com\/en\/#website","url":"https:\/\/andresmerida.com\/en\/","name":"Andr\u00e9s Merida, Pintor","description":"Artista pl\u00e1stico afincado en M\u00e1laga","potentialAction":[{"@type":"SearchAction","target":{"@type":"EntryPoint","urlTemplate":"https:\/\/andresmerida.com\/en\/?s={search_term_string}"},"query-input":{"@type":"PropertyValueSpecification","valueRequired":true,"valueName":"search_term_string"}}],"inLanguage":"en-US"}]}},"_links":{"self":[{"href":"https:\/\/andresmerida.com\/en\/wp-json\/wp\/v2\/pages\/4017","targetHints":{"allow":["GET"]}}],"collection":[{"href":"https:\/\/andresmerida.com\/en\/wp-json\/wp\/v2\/pages"}],"about":[{"href":"https:\/\/andresmerida.com\/en\/wp-json\/wp\/v2\/types\/page"}],"author":[{"embeddable":true,"href":"https:\/\/andresmerida.com\/en\/wp-json\/wp\/v2\/users\/2"}],"replies":[{"embeddable":true,"href":"https:\/\/andresmerida.com\/en\/wp-json\/wp\/v2\/comments?post=4017"}],"version-history":[{"count":0,"href":"https:\/\/andresmerida.com\/en\/wp-json\/wp\/v2\/pages\/4017\/revisions"}],"wp:attachment":[{"href":"https:\/\/andresmerida.com\/en\/wp-json\/wp\/v2\/media?parent=4017"}],"curies":[{"name":"wp","href":"https:\/\/api.w.org\/{rel}","templated":true}]}}